{"id":1109,"date":"2025-01-15T09:52:32","date_gmt":"2025-01-15T08:52:32","guid":{"rendered":"https:\/\/mhtt.mhttp.hu\/?page_id=1109"},"modified":"2025-02-12T04:11:18","modified_gmt":"2025-02-12T03:11:18","slug":"elnoksegi-hatarozatok","status":"publish","type":"page","link":"https:\/\/mhtt.mhttp.hu\/index.php\/elnoksegi-hatarozatok\/","title":{"rendered":"Eln\u00f6ks\u00e9gi hat\u00e1rozatok"},"content":{"rendered":"\n<p class=\"has-contrast-color has-text-color has-background has-link-color has-small-font-size wp-elements-1cd58e341210c670dca37faf1cd1a6af\" style=\"background-color:#59cffa\"><a href=\"https:\/\/mhtt.mhttp.hu\/bazisadatok\/TARSASAG_DOK\/ELNOKSEGI_HAT\/hatarozatok2024_03_27.pdf\" target=\"_blank\" rel=\"noreferrer noopener\">A 2024. m\u00e1rcius 27-ei \u00fcl\u00e9s\u00e9n sz\u00fcletett hat\u00e1rozatok<\/a><\/p>\n\n\n\n<p class=\"has-contrast-color has-text-color has-background has-link-color has-small-font-size wp-elements-bfdb08463efab66315198b9aa924e071\" style=\"background-color:#59cffa\"><br><a href=\"https:\/\/mhtt.mhttp.hu\/bazisadatok\/TARSASAG_DOK\/ELNOKSEGI_HAT\/hatarozatok2023_12_14.pdf\" target=\"_blank\" rel=\"noreferrer noopener\">A 2023. december 14-ei \u00fcl\u00e9s\u00e9n sz\u00fcletett hat\u00e1rozatok<\/a><br><a href=\"https:\/\/mhtt.mhttp.hu\/bazisadatok\/TARSASAG_DOK\/ELNOKSEGI_HAT\/Hatarozatok2023_10_11.pdf\" target=\"_blank\" rel=\"noreferrer noopener\">A 2023. okt\u00f3ber 11-ei \u00fcl\u00e9s\u00e9n sz\u00fcletett hat\u00e1rozatok<\/a><br><a href=\"https:\/\/mhtt.mhttp.hu\/bazisadatok\/TARSASAG_DOK\/ELNOKSEGI_HAT\/Hatarozatok2023_03_30..pdf\" target=\"_blank\" rel=\"noreferrer noopener\">A 2023. m\u00e1rcius 30-ei \u00fcl\u00e9s\u00e9n sz\u00fcletett hat\u00e1rozatok<\/a><br><a href=\"https:\/\/mhtt.mhttp.hu\/bazisadatok\/TARSASAG_DOK\/ELNOKSEGI_HAT\/Hatarozatok2023_02_21.pdf\" target=\"_blank\" rel=\"noreferrer noopener\">A 2023. febru\u00e1r 21-ei \u00fcl\u00e9s\u00e9n sz\u00fcletett hat\u00e1rozatok<\/a><\/p>\n\n\n\n<p class=\"has-contrast-color has-text-color has-background has-link-color has-small-font-size wp-elements-3fdd49115fee7002e6aa426a24852356\" style=\"background-color:#59cffa\"><a href=\"https:\/\/mhtt.mhttp.hu\/bazisadatok\/TARSASAG_DOK\/ELNOKSEGI_HAT\/Hatarozatok2022_12_08.pdf\" target=\"_blank\" rel=\"noreferrer noopener\">A 2022. december 8-ei \u00fcl\u00e9s\u00e9n sz\u00fcletett hat\u00e1rozatok<\/a><br><a href=\"https:\/\/mhtt.mhttp.hu\/bazisadatok\/TARSASAG_DOK\/ELNOKSEGI_HAT\/Hatarozatok2022_09_22.pdf\" target=\"_blank\" rel=\"noreferrer noopener\">A 2022. szeptember 22-i \u00fcl\u00e9sen sz\u00fcletett hat\u00e1rozatok<\/a><br><a href=\"https:\/\/mhtt.mhttp.hu\/bazisadatok\/TARSASAG_DOK\/ELNOKSEGI_HAT\/Hatarozatok2022_06_09.pdf\" target=\"_blank\" rel=\"noreferrer noopener\">A 2022. j\u00fanius 06-i \u00fcl\u00e9s\u00e9n sz\u00fcletett hat\u00e1rozatok<\/a><\/p>\n\n\n\n<p class=\"has-base-background-color has-background\"><br><br><br><br><\/p>\n\n\n\n<p class=\"has-base-background-color has-background\"><br><br><strong><br><\/strong><br><strong><a href=\"https:\/\/mhtt.eu\/files\/2022\/K%C3%BCld%C3%B6ttgy%C5%B1l%C3%A9s%20hat%C3%A1rozatok%202022.05.27..pdf\">A 2022. m\u00e1jus 27-i \u00fcl\u00e9s hat\u00e1rozatai&#8230;<\/a><\/strong><br><strong><a href=\"https:\/\/mhtt.eu\/files\/2022\/Hat%C3%A1rozatok%20K%C3%BCld%C3%B6ttgy%C5%B1l%C3%A9s%202022.03.25..pdf\">A 2022. m\u00e1rcius 25-ei \u00fcl\u00e9s hat\u00e1rozatai&#8230;<\/a><\/strong><br><strong><a href=\"http:\/\/mhtt.eu\/files\/2022\/Hat%C3%A1rozatok%202022.02.21..pdf\">A 2022. febru\u00e1r 21-ai \u00fcl\u00e9s hat\u00e1rozatai&#8230;<\/a><\/strong><\/p>\n\n\n\n<p class=\"has-base-background-color has-background\"><br><strong><a href=\"http:\/\/mhtt.eu\/files\/2021\/Hat%C3%A1rozatok%202021.08.30.pdf\">A 2021. augusztus 30-ai \u00fcl\u00e9s hat\u00e1rozatai&#8230;<\/a><\/strong><br><strong><a href=\"http:\/\/mhtt.eu\/files\/2021\/Hat%C3%A1rozatok%202021.05.10..pdf\">A 2021. m\u00e1jus 10-ei \u00fcl\u00e9s hat\u00e1rozatai&#8230;<\/a><\/strong><br><strong><a href=\"http:\/\/mhtt.eu\/files\/2021\/hat%C3%A1rozatok%202021.03.09..pdf\">A 2021. m\u00e1rcius 9-ei \u00fcl\u00e9s hat\u00e1rozatai&#8230;<\/a><\/strong><\/p>\n\n\n\n<p class=\"has-base-background-color has-background\"><br><strong><a href=\"http:\/\/mhtt.eu\/files\/2020\/Hatarozat\/hat%C3%A1rozatok%202020.12.09_%20%28003%29.pdf\">A 2020. december 9-ei \u00fcl\u00e9s hat\u00e1rozatai&#8230;<\/a><\/strong><br><a href=\"http:\/\/mhtt.eu\/files\/2020\/Hatarozat\/hat%C3%A1rozatok%202020.06.30..pdf\">A 2020. j\u00fanius 30-i eln\u00f6ks\u00e9gi \u00fcl\u00e9s hat\u00e1rozatai..&nbsp;<\/a><br><strong><a href=\"https:\/\/www.mhtt.eu\/files\/2020\/Hatarozat\/hat%C3%A1rozatok%202020.02.13.pdf\">2020. febru\u00e1r 13-ai \u00fcl\u00e9s\u00e9n sz\u00fcletett hat\u00e1rozatok..<\/a><\/strong><\/p>\n\n\n\n<p class=\"has-base-background-color has-background\"><br><a href=\"http:\/\/mhtt.eu\/files\/2019\/dec\/hat%C3%A1rozatok%202019.12.17..pdf\"><strong>A 2019. december 17-i eln\u00f6ks\u00e9gi \u00fcl\u00e9s hat\u00e1rozatai..<\/strong>&nbsp;<\/a><br><a href=\"http:\/\/mhtt.eu\/files\/2019\/oktober\/hatarozatok%202019.10.01..pdf\"><strong>A 2019. okt\u00f3ber 01-i eln\u00f6ks\u00e9gi \u00fcl\u00e9s hat\u00e1rozatai..<\/strong>&nbsp;<\/a><br><a href=\"http:\/\/mhtt.eu\/files\/2019\/junius\/hat%C3%A1rozatok%202019.06.05..pdf\"><strong>A 2019. j\u00fanius 05-i eln\u00f6ks\u00e9gi \u00fcl\u00e9s hat\u00e1rozatai..<\/strong>&nbsp;<\/a><br><a href=\"http:\/\/mhtt.eu\/files\/2019\/feb\/hat%C3%A1rozatok%202019.02.28..pdf\"><strong>A 2019. febru\u00e1r 02-i eln\u00f6ks\u00e9gi \u00fcl\u00e9s hat\u00e1rozatai..<\/strong>&nbsp;<\/a><\/p>\n","protected":false},"excerpt":{"rendered":"<p>A 2024. m\u00e1rcius 27-ei \u00fcl\u00e9s\u00e9n sz\u00fcletett hat\u00e1rozatok A 2023. december 14-ei \u00fcl\u00e9s\u00e9n sz\u00fcletett hat\u00e1rozatokA 2023. okt\u00f3ber 11-ei \u00fcl\u00e9s\u00e9n sz\u00fcletett hat\u00e1rozatokA 2023. m\u00e1rcius 30-ei \u00fcl\u00e9s\u00e9n sz\u00fcletett hat\u00e1rozatokA 2023. febru\u00e1r 21-ei \u00fcl\u00e9s\u00e9n sz\u00fcletett hat\u00e1rozatok A 2022. december 8-ei \u00fcl\u00e9s\u00e9n sz\u00fcletett hat\u00e1rozatokA 2022. szeptember 22-i \u00fcl\u00e9sen sz\u00fcletett hat\u00e1rozatokA 2022. j\u00fanius 06-i \u00fcl\u00e9s\u00e9n sz\u00fcletett hat\u00e1rozatok A 2022. m\u00e1jus 27-i [&hellip;]<\/p>\n","protected":false},"author":1,"featured_media":1363,"parent":0,"menu_order":0,"comment_status":"closed","ping_status":"closed","template":"","meta":{"footnotes":""},"class_list":["post-1109","page","type-page","status-publish","has-post-thumbnail","hentry"],"_links":{"self":[{"href":"https:\/\/mhtt.mhttp.hu\/index.php\/wp-json\/wp\/v2\/pages\/1109","targetHints":{"allow":["GET"]}}],"collection":[{"href":"https:\/\/mhtt.mhttp.hu\/index.php\/wp-json\/wp\/v2\/pages"}],"about":[{"href":"https:\/\/mhtt.mhttp.hu\/index.php\/wp-json\/wp\/v2\/types\/page"}],"author":[{"embeddable":true,"href":"https:\/\/mhtt.mhttp.hu\/index.php\/wp-json\/wp\/v2\/users\/1"}],"replies":[{"embeddable":true,"href":"https:\/\/mhtt.mhttp.hu\/index.php\/wp-json\/wp\/v2\/comments?post=1109"}],"version-history":[{"count":24,"href":"https:\/\/mhtt.mhttp.hu\/index.php\/wp-json\/wp\/v2\/pages\/1109\/revisions"}],"predecessor-version":[{"id":1396,"href":"https:\/\/mhtt.mhttp.hu\/index.php\/wp-json\/wp\/v2\/pages\/1109\/revisions\/1396"}],"wp:featuredmedia":[{"embeddable":true,"href":"https:\/\/mhtt.mhttp.hu\/index.php\/wp-json\/wp\/v2\/media\/1363"}],"wp:attachment":[{"href":"https:\/\/mhtt.mhttp.hu\/index.php\/wp-json\/wp\/v2\/media?parent=1109"}],"curies":[{"name":"wp","href":"https:\/\/api.w.org\/{rel}","templated":true}]}}