{"id":15,"date":"2024-06-26T21:04:06","date_gmt":"2024-06-26T19:04:06","guid":{"rendered":"http:\/\/localhost\/mhtt\/?page_id=15"},"modified":"2025-01-29T14:32:03","modified_gmt":"2025-01-29T13:32:03","slug":"hirek","status":"publish","type":"page","link":"https:\/\/mhtt.mhttp.hu\/index.php\/hirek\/","title":{"rendered":"H\u00cdREK"},"content":{"rendered":"\n<div class=\"wp-block-group has-global-padding is-layout-constrained wp-block-group-is-layout-constrained\">\n<div class=\"wp-block-group alignfull has-global-padding is-layout-constrained wp-container-core-group-is-layout-d89aad35 wp-block-group-is-layout-constrained\" style=\"margin-top:0;margin-bottom:0;padding-top:var(--wp--preset--spacing--50);padding-right:var(--wp--preset--spacing--50);padding-bottom:var(--wp--preset--spacing--50);padding-left:var(--wp--preset--spacing--50)\">\n<p class=\"has-text-align-center has-contrast-color has-text-color has-background has-link-color has-medium-font-size wp-elements-e94224d9254d55abefaf23594113f0e8\" style=\"background:linear-gradient(180deg,rgb(66,236,236) 1%,rgb(249,249,249) 100%)\"><strong>Az MHTT legfrisebb h\u00edrei<\/strong><\/p>\n\n\n\n<div class=\"wp-block-group alignwide has-global-padding is-layout-constrained wp-block-group-is-layout-constrained\">\n<div class=\"wp-block-query is-layout-flow wp-block-query-is-layout-flow\"><ul class=\"has-link-color wp-elements-4d930073a50b19548fcd4a743382518e wp-block-post-template has-text-color has-contrast-color has-background has-base-background-color is-layout-flow wp-block-post-template-is-layout-flow\"><li class=\"wp-block-post post-725 post type-post status-publish format-standard hentry category-inf\">\n\n<hr class=\"wp-block-separator has-text-color has-contrast-3-color has-alpha-channel-opacity has-contrast-3-background-color has-background alignwide is-style-wide wp-elements-4d930073a50b19548fcd4a743382518e\"\/>\n\n\n\n<div class=\"wp-block-columns alignwide are-vertically-aligned-center is-layout-flex wp-container-core-columns-is-layout-33233fb6 wp-block-columns-is-layout-flex\" style=\"margin-top:var(--wp--preset--spacing--20);margin-bottom:var(--wp--preset--spacing--20)\">\n<div class=\"wp-block-column is-vertically-aligned-center is-layout-flow wp-block-column-is-layout-flow\" style=\"flex-basis:72%\"><h2 style=\"font-size:clamp(0.984rem, 0.984rem + ((1vw - 0.2rem) * 1.423), 1.5rem);line-height:1.1;\" class=\"wp-block-post-title\"><a href=\"https:\/\/mhtt.mhttp.hu\/index.php\/2025\/03\/16\/biztonsagpolitika\/\" target=\"_self\" >A nemzeti hader\u0151 \u00e9p\u00edt\u00e9se, a tisztk\u00e9pz\u00e9s jelene \u00e9s j\u00f6v\u0151je<\/a><\/h2><\/div>\n\n\n\n<div class=\"wp-block-column is-vertically-aligned-center is-layout-flow wp-block-column-is-layout-flow\" style=\"flex-basis:28%\"><div class=\"wp-block-template-part\">\n\n<div class=\"wp-block-group has-global-padding is-layout-constrained wp-block-group-is-layout-constrained\">\n\t\n\t<div class=\"wp-block-group is-content-justification-left is-layout-flex wp-container-core-group-is-layout-dfe8e91f wp-block-group-is-layout-flex\">\n\t\t<div class=\"wp-block-post-date\"><time datetime=\"2025-03-16T23:47:26+01:00\"><a href=\"https:\/\/mhtt.mhttp.hu\/index.php\/2025\/03\/16\/biztonsagpolitika\/\">m\u00e1rc 16, 2025<\/a><\/time><\/div>\n\n\t\t\n\t\t<p class=\"has-contrast-2-color has-text-color\">\u2014<\/p>\n\t\t\n\n\t\t\n\t\t<p class=\"has-small-font-size has-contrast-2-color has-text-color\">by<\/p>\n\t\t\n\n\t\t<div class=\"wp-block-post-author-name\"><a href=\"https:\/\/mhtt.mhttp.hu\/index.php\/author\/mhtt2024\/\" target=\"_self\" class=\"wp-block-post-author-name__link\">mhtt2024<\/a><\/div>\n\n\t\t<div class=\"taxonomy-category wp-block-post-terms\"><span class=\"wp-block-post-terms__prefix\">in <\/span><a href=\"https:\/\/mhtt.mhttp.hu\/index.php\/category\/inf\/\" rel=\"tag\">Inform\u00e1ci\u00f3<\/a><\/div>\n\n\t<\/div>\n\t\n<\/div>\n\n\n<\/div><\/div>\n<\/div>\n\n<\/li><li class=\"wp-block-post post-1445 post type-post status-publish format-standard hentry category-hir\">\n\n<hr class=\"wp-block-separator has-text-color has-contrast-3-color has-alpha-channel-opacity has-contrast-3-background-color has-background alignwide is-style-wide wp-elements-4d930073a50b19548fcd4a743382518e\"\/>\n\n\n\n<div class=\"wp-block-columns alignwide are-vertically-aligned-center is-layout-flex wp-container-core-columns-is-layout-33233fb6 wp-block-columns-is-layout-flex\" style=\"margin-top:var(--wp--preset--spacing--20);margin-bottom:var(--wp--preset--spacing--20)\">\n<div class=\"wp-block-column is-vertically-aligned-center is-layout-flow wp-block-column-is-layout-flow\" style=\"flex-basis:72%\"><h2 style=\"font-size:clamp(0.984rem, 0.984rem + ((1vw - 0.2rem) * 1.423), 1.5rem);line-height:1.1;\" class=\"wp-block-post-title\"><a href=\"https:\/\/mhtt.mhttp.hu\/index.php\/2025\/03\/06\/felhivas\/\" target=\"_self\" >Felh\u00edv\u00e1s<\/a><\/h2><\/div>\n\n\n\n<div class=\"wp-block-column is-vertically-aligned-center is-layout-flow wp-block-column-is-layout-flow\" style=\"flex-basis:28%\"><div class=\"wp-block-template-part\">\n\n<div class=\"wp-block-group has-global-padding is-layout-constrained wp-block-group-is-layout-constrained\">\n\t\n\t<div class=\"wp-block-group is-content-justification-left is-layout-flex wp-container-core-group-is-layout-dfe8e91f wp-block-group-is-layout-flex\">\n\t\t<div class=\"wp-block-post-date\"><time datetime=\"2025-03-06T13:41:57+01:00\"><a href=\"https:\/\/mhtt.mhttp.hu\/index.php\/2025\/03\/06\/felhivas\/\">m\u00e1rc 6, 2025<\/a><\/time><\/div>\n\n\t\t\n\t\t<p class=\"has-contrast-2-color has-text-color\">\u2014<\/p>\n\t\t\n\n\t\t\n\t\t<p class=\"has-small-font-size has-contrast-2-color has-text-color\">by<\/p>\n\t\t\n\n\t\t<div class=\"wp-block-post-author-name\"><a href=\"https:\/\/mhtt.mhttp.hu\/index.php\/author\/mhtt2024\/\" target=\"_self\" class=\"wp-block-post-author-name__link\">mhtt2024<\/a><\/div>\n\n\t\t<div class=\"taxonomy-category wp-block-post-terms\"><span class=\"wp-block-post-terms__prefix\">in <\/span><a href=\"https:\/\/mhtt.mhttp.hu\/index.php\/category\/hir\/\" rel=\"tag\">H\u00edr<\/a><\/div>\n\n\t<\/div>\n\t\n<\/div>\n\n\n<\/div><\/div>\n<\/div>\n\n<\/li><li class=\"wp-block-post post-1432 post type-post status-publish format-standard hentry category-hir\">\n\n<hr class=\"wp-block-separator has-text-color has-contrast-3-color has-alpha-channel-opacity has-contrast-3-background-color has-background alignwide is-style-wide wp-elements-4d930073a50b19548fcd4a743382518e\"\/>\n\n\n\n<div class=\"wp-block-columns alignwide are-vertically-aligned-center is-layout-flex wp-container-core-columns-is-layout-33233fb6 wp-block-columns-is-layout-flex\" style=\"margin-top:var(--wp--preset--spacing--20);margin-bottom:var(--wp--preset--spacing--20)\">\n<div class=\"wp-block-column is-vertically-aligned-center is-layout-flow wp-block-column-is-layout-flow\" style=\"flex-basis:72%\"><h2 style=\"font-size:clamp(0.984rem, 0.984rem + ((1vw - 0.2rem) * 1.423), 1.5rem);line-height:1.1;\" class=\"wp-block-post-title\"><a href=\"https:\/\/mhtt.mhttp.hu\/index.php\/2025\/02\/26\/a-nemzeti-hadero-forgoszarnyas-kepessegei-dr-bali-tamas-dandartabornok-eloadasa-az-mhtt-mindenki-hadtudomanya-eloadassorozata-kereteben-a-stefanian\/\" target=\"_self\" >A nemzeti hader\u0151 forg\u00f3sz\u00e1rnyas k\u00e9pess\u00e9gei &#8211; Dr. Bali Tam\u00e1s dand\u00e1rt\u00e1bornok el\u0151ad\u00e1sa az MHTT \u201eMindenki Hadtudom\u00e1nya\u201d el\u0151ad\u00e1ssorozata keret\u00e9ben a Stef\u00e1ni\u00e1n<\/a><\/h2><\/div>\n\n\n\n<div class=\"wp-block-column is-vertically-aligned-center is-layout-flow wp-block-column-is-layout-flow\" style=\"flex-basis:28%\"><div class=\"wp-block-template-part\">\n\n<div class=\"wp-block-group has-global-padding is-layout-constrained wp-block-group-is-layout-constrained\">\n\t\n\t<div class=\"wp-block-group is-content-justification-left is-layout-flex wp-container-core-group-is-layout-dfe8e91f wp-block-group-is-layout-flex\">\n\t\t<div class=\"wp-block-post-date\"><time datetime=\"2025-02-26T15:44:14+01:00\"><a href=\"https:\/\/mhtt.mhttp.hu\/index.php\/2025\/02\/26\/a-nemzeti-hadero-forgoszarnyas-kepessegei-dr-bali-tamas-dandartabornok-eloadasa-az-mhtt-mindenki-hadtudomanya-eloadassorozata-kereteben-a-stefanian\/\">febr 26, 2025<\/a><\/time><\/div>\n\n\t\t\n\t\t<p class=\"has-contrast-2-color has-text-color\">\u2014<\/p>\n\t\t\n\n\t\t\n\t\t<p class=\"has-small-font-size has-contrast-2-color has-text-color\">by<\/p>\n\t\t\n\n\t\t<div class=\"wp-block-post-author-name\"><a href=\"https:\/\/mhtt.mhttp.hu\/index.php\/author\/mhtt2024\/\" target=\"_self\" class=\"wp-block-post-author-name__link\">mhtt2024<\/a><\/div>\n\n\t\t<div class=\"taxonomy-category wp-block-post-terms\"><span class=\"wp-block-post-terms__prefix\">in <\/span><a href=\"https:\/\/mhtt.mhttp.hu\/index.php\/category\/hir\/\" rel=\"tag\">H\u00edr<\/a><\/div>\n\n\t<\/div>\n\t\n<\/div>\n\n\n<\/div><\/div>\n<\/div>\n\n<\/li><li class=\"wp-block-post post-1083 post type-post status-publish format-standard hentry category-inf\">\n\n<hr class=\"wp-block-separator has-text-color has-contrast-3-color has-alpha-channel-opacity has-contrast-3-background-color has-background alignwide is-style-wide wp-elements-4d930073a50b19548fcd4a743382518e\"\/>\n\n\n\n<div class=\"wp-block-columns alignwide are-vertically-aligned-center is-layout-flex wp-container-core-columns-is-layout-33233fb6 wp-block-columns-is-layout-flex\" style=\"margin-top:var(--wp--preset--spacing--20);margin-bottom:var(--wp--preset--spacing--20)\">\n<div class=\"wp-block-column is-vertically-aligned-center is-layout-flow wp-block-column-is-layout-flow\" style=\"flex-basis:72%\"><h2 style=\"font-size:clamp(0.984rem, 0.984rem + ((1vw - 0.2rem) * 1.423), 1.5rem);line-height:1.1;\" class=\"wp-block-post-title\"><a href=\"https:\/\/mhtt.mhttp.hu\/index.php\/2025\/02\/25\/felhivas-a-magyar-hadtudomanyi-tarsasag-tagsagahoz\/\" target=\"_self\" >A Yaris Kabin Hungary Kft. HR-fejleszt\u00e9si strat\u00e9gi\u00e1ja<\/a><\/h2><\/div>\n\n\n\n<div class=\"wp-block-column is-vertically-aligned-center is-layout-flow wp-block-column-is-layout-flow\" style=\"flex-basis:28%\"><div class=\"wp-block-template-part\">\n\n<div class=\"wp-block-group has-global-padding is-layout-constrained wp-block-group-is-layout-constrained\">\n\t\n\t<div class=\"wp-block-group is-content-justification-left is-layout-flex wp-container-core-group-is-layout-dfe8e91f wp-block-group-is-layout-flex\">\n\t\t<div class=\"wp-block-post-date\"><time datetime=\"2025-02-25T15:38:11+01:00\"><a href=\"https:\/\/mhtt.mhttp.hu\/index.php\/2025\/02\/25\/felhivas-a-magyar-hadtudomanyi-tarsasag-tagsagahoz\/\">febr 25, 2025<\/a><\/time><\/div>\n\n\t\t\n\t\t<p class=\"has-contrast-2-color has-text-color\">\u2014<\/p>\n\t\t\n\n\t\t\n\t\t<p class=\"has-small-font-size has-contrast-2-color has-text-color\">by<\/p>\n\t\t\n\n\t\t<div class=\"wp-block-post-author-name\"><a href=\"https:\/\/mhtt.mhttp.hu\/index.php\/author\/mhtt2024\/\" target=\"_self\" class=\"wp-block-post-author-name__link\">mhtt2024<\/a><\/div>\n\n\t\t<div class=\"taxonomy-category wp-block-post-terms\"><span class=\"wp-block-post-terms__prefix\">in <\/span><a href=\"https:\/\/mhtt.mhttp.hu\/index.php\/category\/inf\/\" rel=\"tag\">Inform\u00e1ci\u00f3<\/a><\/div>\n\n\t<\/div>\n\t\n<\/div>\n\n\n<\/div><\/div>\n<\/div>\n\n<\/li><li class=\"wp-block-post post-1399 post type-post status-publish format-standard hentry category-hir\">\n\n<hr class=\"wp-block-separator has-text-color has-contrast-3-color has-alpha-channel-opacity has-contrast-3-background-color has-background alignwide is-style-wide wp-elements-4d930073a50b19548fcd4a743382518e\"\/>\n\n\n\n<div class=\"wp-block-columns alignwide are-vertically-aligned-center is-layout-flex wp-container-core-columns-is-layout-33233fb6 wp-block-columns-is-layout-flex\" style=\"margin-top:var(--wp--preset--spacing--20);margin-bottom:var(--wp--preset--spacing--20)\">\n<div class=\"wp-block-column is-vertically-aligned-center is-layout-flow wp-block-column-is-layout-flow\" style=\"flex-basis:72%\"><h2 style=\"font-size:clamp(0.984rem, 0.984rem + ((1vw - 0.2rem) * 1.423), 1.5rem);line-height:1.1;\" class=\"wp-block-post-title\"><a href=\"https:\/\/mhtt.mhttp.hu\/index.php\/2025\/02\/19\/felhivas-konferenciakotetben-torteno-publikalasra\/\" target=\"_self\" >FELH\u00cdV\u00c1S konferenciak\u00f6tetben t\u00f6rt\u00e9n\u0151 publik\u00e1l\u00e1sra<\/a><\/h2><\/div>\n\n\n\n<div class=\"wp-block-column is-vertically-aligned-center is-layout-flow wp-block-column-is-layout-flow\" style=\"flex-basis:28%\"><div class=\"wp-block-template-part\">\n\n<div class=\"wp-block-group has-global-padding is-layout-constrained wp-block-group-is-layout-constrained\">\n\t\n\t<div class=\"wp-block-group is-content-justification-left is-layout-flex wp-container-core-group-is-layout-dfe8e91f wp-block-group-is-layout-flex\">\n\t\t<div class=\"wp-block-post-date\"><time datetime=\"2025-02-19T08:44:43+01:00\"><a href=\"https:\/\/mhtt.mhttp.hu\/index.php\/2025\/02\/19\/felhivas-konferenciakotetben-torteno-publikalasra\/\">febr 19, 2025<\/a><\/time><\/div>\n\n\t\t\n\t\t<p class=\"has-contrast-2-color has-text-color\">\u2014<\/p>\n\t\t\n\n\t\t\n\t\t<p class=\"has-small-font-size has-contrast-2-color has-text-color\">by<\/p>\n\t\t\n\n\t\t<div class=\"wp-block-post-author-name\"><a href=\"https:\/\/mhtt.mhttp.hu\/index.php\/author\/mhtt2024\/\" target=\"_self\" class=\"wp-block-post-author-name__link\">mhtt2024<\/a><\/div>\n\n\t\t<div class=\"taxonomy-category wp-block-post-terms\"><span class=\"wp-block-post-terms__prefix\">in <\/span><a href=\"https:\/\/mhtt.mhttp.hu\/index.php\/category\/hir\/\" rel=\"tag\">H\u00edr<\/a><\/div>\n\n\t<\/div>\n\t\n<\/div>\n\n\n<\/div><\/div>\n<\/div>\n\n<\/li><li class=\"wp-block-post post-1308 post type-post status-publish format-standard hentry category-hir\">\n\n<hr class=\"wp-block-separator has-text-color has-contrast-3-color has-alpha-channel-opacity has-contrast-3-background-color has-background alignwide is-style-wide wp-elements-4d930073a50b19548fcd4a743382518e\"\/>\n\n\n\n<div class=\"wp-block-columns alignwide are-vertically-aligned-center is-layout-flex wp-container-core-columns-is-layout-33233fb6 wp-block-columns-is-layout-flex\" style=\"margin-top:var(--wp--preset--spacing--20);margin-bottom:var(--wp--preset--spacing--20)\">\n<div class=\"wp-block-column is-vertically-aligned-center is-layout-flow wp-block-column-is-layout-flow\" style=\"flex-basis:72%\"><h2 style=\"font-size:clamp(0.984rem, 0.984rem + ((1vw - 0.2rem) * 1.423), 1.5rem);line-height:1.1;\" class=\"wp-block-post-title\"><a href=\"https:\/\/mhtt.mhttp.hu\/index.php\/2025\/01\/30\/kiss-karoly-hadtudomanyi-klub-evadzaro-eloadasa-tv-10\/\" target=\"_self\" >Kiss K\u00e1roly Hadtudom\u00e1nyi Klub \u00e9vadz\u00e1r\u00f3 el\u0151ad\u00e1sa | TV 10 |<\/a><\/h2><\/div>\n\n\n\n<div class=\"wp-block-column is-vertically-aligned-center is-layout-flow wp-block-column-is-layout-flow\" style=\"flex-basis:28%\"><div class=\"wp-block-template-part\">\n\n<div class=\"wp-block-group has-global-padding is-layout-constrained wp-block-group-is-layout-constrained\">\n\t\n\t<div class=\"wp-block-group is-content-justification-left is-layout-flex wp-container-core-group-is-layout-dfe8e91f wp-block-group-is-layout-flex\">\n\t\t<div class=\"wp-block-post-date\"><time datetime=\"2025-01-30T08:24:55+01:00\"><a href=\"https:\/\/mhtt.mhttp.hu\/index.php\/2025\/01\/30\/kiss-karoly-hadtudomanyi-klub-evadzaro-eloadasa-tv-10\/\">jan 30, 2025<\/a><\/time><\/div>\n\n\t\t\n\t\t<p class=\"has-contrast-2-color has-text-color\">\u2014<\/p>\n\t\t\n\n\t\t\n\t\t<p class=\"has-small-font-size has-contrast-2-color has-text-color\">by<\/p>\n\t\t\n\n\t\t<div class=\"wp-block-post-author-name\"><a href=\"https:\/\/mhtt.mhttp.hu\/index.php\/author\/mhtt2024\/\" target=\"_self\" class=\"wp-block-post-author-name__link\">mhtt2024<\/a><\/div>\n\n\t\t<div class=\"taxonomy-category wp-block-post-terms\"><span class=\"wp-block-post-terms__prefix\">in <\/span><a href=\"https:\/\/mhtt.mhttp.hu\/index.php\/category\/hir\/\" rel=\"tag\">H\u00edr<\/a><\/div>\n\n\t<\/div>\n\t\n<\/div>\n\n\n<\/div><\/div>\n<\/div>\n\n<\/li><li class=\"wp-block-post post-1085 post type-post status-publish format-standard hentry category-inf\">\n\n<hr class=\"wp-block-separator has-text-color has-contrast-3-color has-alpha-channel-opacity has-contrast-3-background-color has-background alignwide is-style-wide wp-elements-4d930073a50b19548fcd4a743382518e\"\/>\n\n\n\n<div class=\"wp-block-columns alignwide are-vertically-aligned-center is-layout-flex wp-container-core-columns-is-layout-33233fb6 wp-block-columns-is-layout-flex\" style=\"margin-top:var(--wp--preset--spacing--20);margin-bottom:var(--wp--preset--spacing--20)\">\n<div class=\"wp-block-column is-vertically-aligned-center is-layout-flow wp-block-column-is-layout-flow\" style=\"flex-basis:72%\"><h2 style=\"font-size:clamp(0.984rem, 0.984rem + ((1vw - 0.2rem) * 1.423), 1.5rem);line-height:1.1;\" class=\"wp-block-post-title\"><a href=\"https:\/\/mhtt.mhttp.hu\/index.php\/2025\/01\/22\/a-katasztrofa-es-polgari-vedelmi-szakosztaly-elnokenek-kituntetese\/\" target=\"_self\" >A Katasztr\u00f3fa \u00e9s Polg\u00e1ri V\u00e9delmi Szakoszt\u00e1ly szakoszt\u00e1ly \u00fcl\u00e9se<\/a><\/h2><\/div>\n\n\n\n<div class=\"wp-block-column is-vertically-aligned-center is-layout-flow wp-block-column-is-layout-flow\" style=\"flex-basis:28%\"><div class=\"wp-block-template-part\">\n\n<div class=\"wp-block-group has-global-padding is-layout-constrained wp-block-group-is-layout-constrained\">\n\t\n\t<div class=\"wp-block-group is-content-justification-left is-layout-flex wp-container-core-group-is-layout-dfe8e91f wp-block-group-is-layout-flex\">\n\t\t<div class=\"wp-block-post-date\"><time datetime=\"2025-01-22T16:52:44+01:00\"><a href=\"https:\/\/mhtt.mhttp.hu\/index.php\/2025\/01\/22\/a-katasztrofa-es-polgari-vedelmi-szakosztaly-elnokenek-kituntetese\/\">jan 22, 2025<\/a><\/time><\/div>\n\n\t\t\n\t\t<p class=\"has-contrast-2-color has-text-color\">\u2014<\/p>\n\t\t\n\n\t\t\n\t\t<p class=\"has-small-font-size has-contrast-2-color has-text-color\">by<\/p>\n\t\t\n\n\t\t<div class=\"wp-block-post-author-name\"><a href=\"https:\/\/mhtt.mhttp.hu\/index.php\/author\/mhtt2024\/\" target=\"_self\" class=\"wp-block-post-author-name__link\">mhtt2024<\/a><\/div>\n\n\t\t<div class=\"taxonomy-category wp-block-post-terms\"><span class=\"wp-block-post-terms__prefix\">in <\/span><a href=\"https:\/\/mhtt.mhttp.hu\/index.php\/category\/inf\/\" rel=\"tag\">Inform\u00e1ci\u00f3<\/a><\/div>\n\n\t<\/div>\n\t\n<\/div>\n\n\n<\/div><\/div>\n<\/div>\n\n<\/li><li class=\"wp-block-post post-141 post type-post status-publish format-standard hentry category-hir\">\n\n<hr class=\"wp-block-separator has-text-color has-contrast-3-color has-alpha-channel-opacity has-contrast-3-background-color has-background alignwide is-style-wide wp-elements-4d930073a50b19548fcd4a743382518e\"\/>\n\n\n\n<div class=\"wp-block-columns alignwide are-vertically-aligned-center is-layout-flex wp-container-core-columns-is-layout-33233fb6 wp-block-columns-is-layout-flex\" style=\"margin-top:var(--wp--preset--spacing--20);margin-bottom:var(--wp--preset--spacing--20)\">\n<div class=\"wp-block-column is-vertically-aligned-center is-layout-flow wp-block-column-is-layout-flow\" style=\"flex-basis:72%\"><h2 style=\"font-size:clamp(0.984rem, 0.984rem + ((1vw - 0.2rem) * 1.423), 1.5rem);line-height:1.1;\" class=\"wp-block-post-title\"><a href=\"https:\/\/mhtt.mhttp.hu\/index.php\/2025\/01\/16\/lorem\/\" target=\"_self\" >\u201e\u00daj \u0171rkorszak kapuj\u00e1ban&#8221; | A Magyar Hadtudom\u00e1nyi T\u00e1rsas\u00e1g (MHTT) k\u00f6nyvbemutat\u00f3ja<\/a><\/h2><\/div>\n\n\n\n<div class=\"wp-block-column is-vertically-aligned-center is-layout-flow wp-block-column-is-layout-flow\" style=\"flex-basis:28%\"><div class=\"wp-block-template-part\">\n\n<div class=\"wp-block-group has-global-padding is-layout-constrained wp-block-group-is-layout-constrained\">\n\t\n\t<div class=\"wp-block-group is-content-justification-left is-layout-flex wp-container-core-group-is-layout-dfe8e91f wp-block-group-is-layout-flex\">\n\t\t<div class=\"wp-block-post-date\"><time datetime=\"2025-01-16T01:00:10+01:00\"><a href=\"https:\/\/mhtt.mhttp.hu\/index.php\/2025\/01\/16\/lorem\/\">jan 16, 2025<\/a><\/time><\/div>\n\n\t\t\n\t\t<p class=\"has-contrast-2-color has-text-color\">\u2014<\/p>\n\t\t\n\n\t\t\n\t\t<p class=\"has-small-font-size has-contrast-2-color has-text-color\">by<\/p>\n\t\t\n\n\t\t<div class=\"wp-block-post-author-name\"><a href=\"https:\/\/mhtt.mhttp.hu\/index.php\/author\/mhtt2024\/\" target=\"_self\" class=\"wp-block-post-author-name__link\">mhtt2024<\/a><\/div>\n\n\t\t<div class=\"taxonomy-category wp-block-post-terms\"><span class=\"wp-block-post-terms__prefix\">in <\/span><a href=\"https:\/\/mhtt.mhttp.hu\/index.php\/category\/hir\/\" rel=\"tag\">H\u00edr<\/a><\/div>\n\n\t<\/div>\n\t\n<\/div>\n\n\n<\/div><\/div>\n<\/div>\n\n<\/li><li class=\"wp-block-post post-1 post type-post status-publish format-standard hentry category-hir\">\n\n<hr class=\"wp-block-separator has-text-color has-contrast-3-color has-alpha-channel-opacity has-contrast-3-background-color has-background alignwide is-style-wide wp-elements-4d930073a50b19548fcd4a743382518e\"\/>\n\n\n\n<div class=\"wp-block-columns alignwide are-vertically-aligned-center is-layout-flex wp-container-core-columns-is-layout-33233fb6 wp-block-columns-is-layout-flex\" style=\"margin-top:var(--wp--preset--spacing--20);margin-bottom:var(--wp--preset--spacing--20)\">\n<div class=\"wp-block-column is-vertically-aligned-center is-layout-flow wp-block-column-is-layout-flow\" style=\"flex-basis:72%\"><h2 style=\"font-size:clamp(0.984rem, 0.984rem + ((1vw - 0.2rem) * 1.423), 1.5rem);line-height:1.1;\" class=\"wp-block-post-title\"><a href=\"https:\/\/mhtt.mhttp.hu\/index.php\/2024\/11\/28\/bemutato\/\" target=\"_self\" >Nemzetk\u00f6zi Tudom\u00e1nyos Konferencia a katasztr\u00f3f\u00e1k cs\u00f6kkent\u00e9s\u00e9nek vil\u00e1gnapja alkalm\u00e1b\u00f3l<\/a><\/h2><\/div>\n\n\n\n<div class=\"wp-block-column is-vertically-aligned-center is-layout-flow wp-block-column-is-layout-flow\" style=\"flex-basis:28%\"><div class=\"wp-block-template-part\">\n\n<div class=\"wp-block-group has-global-padding is-layout-constrained wp-block-group-is-layout-constrained\">\n\t\n\t<div class=\"wp-block-group is-content-justification-left is-layout-flex wp-container-core-group-is-layout-dfe8e91f wp-block-group-is-layout-flex\">\n\t\t<div class=\"wp-block-post-date\"><time datetime=\"2024-11-28T01:29:15+01:00\"><a href=\"https:\/\/mhtt.mhttp.hu\/index.php\/2024\/11\/28\/bemutato\/\">nov 28, 2024<\/a><\/time><\/div>\n\n\t\t\n\t\t<p class=\"has-contrast-2-color has-text-color\">\u2014<\/p>\n\t\t\n\n\t\t\n\t\t<p class=\"has-small-font-size has-contrast-2-color has-text-color\">by<\/p>\n\t\t\n\n\t\t<div class=\"wp-block-post-author-name\"><a href=\"https:\/\/mhtt.mhttp.hu\/index.php\/author\/mhtt2024\/\" target=\"_self\" class=\"wp-block-post-author-name__link\">mhtt2024<\/a><\/div>\n\n\t\t<div class=\"taxonomy-category wp-block-post-terms\"><span class=\"wp-block-post-terms__prefix\">in <\/span><a href=\"https:\/\/mhtt.mhttp.hu\/index.php\/category\/hir\/\" rel=\"tag\">H\u00edr<\/a><\/div>\n\n\t<\/div>\n\t\n<\/div>\n\n\n<\/div><\/div>\n<\/div>\n\n<\/li><\/ul>\n\n\n<div style=\"height:var(--wp--preset--spacing--30)\" aria-hidden=\"true\" class=\"wp-block-spacer\"><\/div>\n\n\n\n\n<\/div>\n<\/div>\n<\/div>\n<\/div>\n","protected":false},"excerpt":{"rendered":"<p>Az MHTT legfrisebb h\u00edrei<\/p>\n","protected":false},"author":1,"featured_media":276,"parent":0,"menu_order":0,"comment_status":"closed","ping_status":"closed","template":"","meta":{"footnotes":""},"class_list":["post-15","page","type-page","status-publish","has-post-thumbnail","hentry"],"_links":{"self":[{"href":"https:\/\/mhtt.mhttp.hu\/index.php\/wp-json\/wp\/v2\/pages\/15","targetHints":{"allow":["GET"]}}],"collection":[{"href":"https:\/\/mhtt.mhttp.hu\/index.php\/wp-json\/wp\/v2\/pages"}],"about":[{"href":"https:\/\/mhtt.mhttp.hu\/index.php\/wp-json\/wp\/v2\/types\/page"}],"author":[{"embeddable":true,"href":"https:\/\/mhtt.mhttp.hu\/index.php\/wp-json\/wp\/v2\/users\/1"}],"replies":[{"embeddable":true,"href":"https:\/\/mhtt.mhttp.hu\/index.php\/wp-json\/wp\/v2\/comments?post=15"}],"version-history":[{"count":19,"href":"https:\/\/mhtt.mhttp.hu\/index.php\/wp-json\/wp\/v2\/pages\/15\/revisions"}],"predecessor-version":[{"id":1273,"href":"https:\/\/mhtt.mhttp.hu\/index.php\/wp-json\/wp\/v2\/pages\/15\/revisions\/1273"}],"wp:featuredmedia":[{"embeddable":true,"href":"https:\/\/mhtt.mhttp.hu\/index.php\/wp-json\/wp\/v2\/media\/276"}],"wp:attachment":[{"href":"https:\/\/mhtt.mhttp.hu\/index.php\/wp-json\/wp\/v2\/media?parent=15"}],"curies":[{"name":"wp","href":"https:\/\/api.w.org\/{rel}","templated":true}]}}